{"id":6025,"date":"2023-06-19T09:49:58","date_gmt":"2023-06-19T07:49:58","guid":{"rendered":"https:\/\/www.korbwerk.de\/atterrissage-en-boutique\/vente-de-stock-en-ligne\/"},"modified":"2023-07-03T12:54:51","modified_gmt":"2023-07-03T10:54:51","slug":"vente-de-stock-en-ligne","status":"publish","type":"page","link":"https:\/\/www.korbwerk.de\/fr\/atterrissage-en-boutique\/vente-de-stock-en-ligne\/","title":{"rendered":"Vente de stock en ligne"},"content":{"rendered":"<p><div class=\"fusion-fullwidth fullwidth-box fusion-builder-row-1 fusion-flex-container nonhundred-percent-fullwidth non-hundred-percent-height-scrolling\" style=\"--awb-border-radius-top-left:0px;--awb-border-radius-top-right:0px;--awb-border-radius-bottom-right:0px;--awb-border-radius-bottom-left:0px;--awb-padding-top:2%;--awb-padding-bottom:2%;--awb-flex-wrap:wrap;\" ><div class=\"fusion-builder-row fusion-row fusion-flex-align-items-flex-start fusion-flex-content-wrap\" style=\"max-width:1320.8px;margin-left: calc(-4% \/ 2 );margin-right: calc(-4% \/ 2 );\"><div class=\"fusion-layout-column fusion_builder_column fusion-builder-column-0 fusion_builder_column_1_1 1_1 fusion-flex-column\" style=\"--awb-bg-size:cover;--awb-width-large:100%;--awb-margin-top-large:25px;--awb-spacing-right-large:3.84%;--awb-margin-bottom-large:25px;--awb-spacing-left-large:3.84%;--awb-width-medium:100%;--awb-order-medium:0;--awb-spacing-right-medium:1.92%;--awb-spacing-left-medium:1.92%;--awb-width-small:100%;--awb-order-small:0;--awb-spacing-right-small:1.92%;--awb-spacing-left-small:1.92%;\"><div class=\"fusion-column-wrapper fusion-column-has-shadow fusion-flex-justify-content-flex-start fusion-content-layout-column\"><div class=\"fusion-title title fusion-title-1 fusion-sep-none fusion-title-center fusion-title-text fusion-title-size-one\" style=\"--awb-margin-top:20px;--awb-margin-bottom:20px;--awb-margin-top-small:8px;--awb-margin-right-small:0px;--awb-margin-bottom-small:16px;--awb-margin-left-small:0px;\"><h1 class=\"fusion-title-heading title-heading-center fusion-responsive-typography-calculated\" style=\"margin:0;--fontSize:30;line-height:1.4;\"><p>Au lieu de monter sur le pont arri\u00e8re d&rsquo;un bateau de croisi\u00e8re directement<br \/>\nchez vous, dans votre jardin !<\/p><\/h1><\/div><div class=\"fusion-separator fusion-full-width-sep\" style=\"align-self: center;margin-left: auto;margin-right: auto;margin-top:30px;width:100%;\"><\/div><div class=\"fusion-text fusion-text-1\" style=\"--awb-content-alignment:center;\"><p>Comme nous fabriquons toujours nos corbeilles de plage \u00e0 la main et selon les souhaits de nos clients, il est en fait rare qu&rsquo;elles restent longtemps en stock. Cependant, il arrive parfois qu&rsquo;une corbeille de plage fabriqu\u00e9e avec amour ne quitte pas la manufacture. Pour nous, c&rsquo;est emb\u00eatant, mais pour vous, c&rsquo;est une occasion en or ! Si une corbeille de plage \u00e9tait par exemple pr\u00e9vue \u00e0 l&rsquo;origine pour le pont arri\u00e8re d&rsquo;un bateau de croisi\u00e8re, elle fera plut\u00f4t bonne figure dans votre jardin. Nous nous en r\u00e9jouissons aussi, bien s\u00fbr. Bonne visite !<br \/>\nVous avez peut-\u00eatre encore des questions ou vous pr\u00e9f\u00e9rez vous faire fabriquer une corbeille de plage individuelle selon vos souhaits. Pas de probl\u00e8me ! Il vous suffit de nous appeler au : +49 (0)38375 242392 ou de demander que l&rsquo;on vous rappelle. Nous nous r\u00e9jouissons de pouvoir vous conseiller personnellement.<\/p>\n<\/div><\/div><\/div><\/div><\/div><div class=\"fusion-fullwidth fullwidth-box fusion-builder-row-2 fusion-flex-container nonhundred-percent-fullwidth non-hundred-percent-height-scrolling\" style=\"--link_hover_color: #b52820;--link_color: #333333;--awb-border-radius-top-left:0px;--awb-border-radius-top-right:0px;--awb-border-radius-bottom-right:0px;--awb-border-radius-bottom-left:0px;--awb-padding-top:0px;--awb-padding-right:0px;--awb-padding-bottom:0px;--awb-padding-left:0px;--awb-margin-top:0px;--awb-margin-bottom:0px;--awb-flex-wrap:wrap;\" ><div class=\"fusion-builder-row fusion-row fusion-flex-align-items-flex-start fusion-flex-content-wrap\" style=\"max-width:1320.8px;margin-left: calc(-4% \/ 2 );margin-right: calc(-4% \/ 2 );\"><div class=\"fusion-layout-column fusion_builder_column fusion-builder-column-1 fusion_builder_column_1_1 1_1 fusion-flex-column\" style=\"--awb-bg-size:cover;--awb-width-large:100%;--awb-margin-top-large:25px;--awb-spacing-right-large:1.92%;--awb-margin-bottom-large:25px;--awb-spacing-left-large:1.92%;--awb-width-medium:100%;--awb-order-medium:0;--awb-spacing-right-medium:1.92%;--awb-spacing-left-medium:1.92%;--awb-width-small:100%;--awb-order-small:0;--awb-spacing-right-small:1.92%;--awb-spacing-left-small:1.92%;\"><div class=\"fusion-column-wrapper fusion-column-has-shadow fusion-flex-justify-content-flex-start fusion-content-layout-column\"><div class=\"woocommerce columns-3 \"><ul class=\"products clearfix products-3\">\n<li class=\"product type-product post-6149 status-publish first instock product_cat-vente-de-stock has-post-thumbnail sale taxable shipping-taxable purchasable product-type-simple product-grid-view\">\n\t<div class=\"fusion-product-wrapper\">\n<div class=\"fusion-woo-badges-wrapper\">\n\n\t<span class=\"onsale\">Angebot!<\/span>\n\t<\/div><div class=\"fusion-clean-product-image-wrapper \">\n\t<div  class=\"fusion-image-wrapper fusion-image-size-fixed\" aria-haspopup=\"true\">\n\t\t\t\t<img decoding=\"async\" width=\"500\" height=\"750\" src=\"https:\/\/www.korbwerk.de\/wp-content\/uploads\/2023\/05\/Beige.gruen_-500x750.jpg\" class=\"attachment-woocommerce_thumbnail size-woocommerce_thumbnail wp-post-image\" alt=\"SK Beige.gru\u0308n\" srcset=\"https:\/\/www.korbwerk.de\/wp-content\/uploads\/2023\/05\/Beige.gruen_-200x300.jpg 200w, https:\/\/www.korbwerk.de\/wp-content\/uploads\/2023\/05\/Beige.gruen_-400x600.jpg 400w, https:\/\/www.korbwerk.de\/wp-content\/uploads\/2023\/05\/Beige.gruen_-500x750.jpg 500w, https:\/\/www.korbwerk.de\/wp-content\/uploads\/2023\/05\/Beige.gruen_-600x900.jpg 600w, https:\/\/www.korbwerk.de\/wp-content\/uploads\/2023\/05\/Beige.gruen_-683x1024.jpg 683w, https:\/\/www.korbwerk.de\/wp-content\/uploads\/2023\/05\/Beige.gruen_-700x1050.jpg 700w, https:\/\/www.korbwerk.de\/wp-content\/uploads\/2023\/05\/Beige.gruen_-768x1152.jpg 768w, https:\/\/www.korbwerk.de\/wp-content\/uploads\/2023\/05\/Beige.gruen_-800x1200.jpg 800w, https:\/\/www.korbwerk.de\/wp-content\/uploads\/2023\/05\/Beige.gruen_-1024x1536.jpg 1024w, https:\/\/www.korbwerk.de\/wp-content\/uploads\/2023\/05\/Beige.gruen_-1200x1800.jpg 1200w, https:\/\/www.korbwerk.de\/wp-content\/uploads\/2023\/05\/Beige.gruen_-1365x2048.jpg 1365w, https:\/\/www.korbwerk.de\/wp-content\/uploads\/2023\/05\/Beige.gruen_-scaled.jpg 1707w\" sizes=\"(max-width: 500px) 100vw, 500px\" \/><div class=\"fusion-rollover\">\n\t<div class=\"fusion-rollover-content\">\n\n\t\t\t\t\n\t\t\n\t\t\t\t\t\t\t\t\n\t\t\t\t\t\t\t\t\n\t\t\n\t\t\t\t\t\t\t\t\t\t\t\t\t\t\t\n\t\t\t\t\t\t\n\t\t\t\t\t\t\t\t\t\t<div class=\"fusion-product-buttons\">\n\t\t\t\t\t<a href=\"\/fr\/wp-json\/wp\/v2\/pages\/6025?add-to-cart=6149\" aria-describedby=\"woocommerce_loop_add_to_cart_link_describedby_6149\" data-quantity=\"1\" class=\"button product_type_simple add_to_cart_button ajax_add_to_cart\" data-product_id=\"6149\" data-product_sku=\"250090\" aria-label=\"Ajouter au panier\u00a0: &ldquo;&quot;Mauritius Blue&quot;, deux places&rdquo;\" rel=\"nofollow\">Ajouter au panier<\/a>\t<span id=\"woocommerce_loop_add_to_cart_link_describedby_6149\" class=\"screen-reader-text\">\n\t\t\t<\/span>\n<span class=\"fusion-rollover-linebreak\">\n\t\/<\/span>\n\n<a href=\"https:\/\/www.korbwerk.de\/fr\/shop-landing\/mauritius-blue-deux-places\/\" class=\"show_details_button\">\n\tDetails<\/a>\n\n\t\t\t\t<\/div>\n\t\t\t\t\t\t\t\t\t<a class=\"fusion-link-wrapper\" href=\"https:\/\/www.korbwerk.de\/fr\/shop-landing\/mauritius-blue-deux-places\/\" aria-label=\"\u00ab\u00a0Mauritius Blue\u00a0\u00bb, deux places\"><\/a>\n\t<\/div>\n<\/div>\n<\/div>\n<\/div>\n<div class=\"fusion-product-content\">\n\t<div class=\"product-details\">\n\t\t<div class=\"product-details-container\">\n<h3 class=\"product-title\">\n\t<a href=\"https:\/\/www.korbwerk.de\/fr\/shop-landing\/mauritius-blue-deux-places\/\">\n\t\t\u00ab\u00a0Mauritius Blue\u00a0\u00bb, deux places\t<\/a>\n<\/h3>\n<div class=\"fusion-price-rating\">\n\n\t<span class=\"price\"><del aria-hidden=\"true\"><span class=\"woocommerce-Price-amount amount\"><bdi>3.468,00&nbsp;<span class=\"woocommerce-Price-currencySymbol\">&euro;<\/span><\/bdi><\/span><\/del> <span class=\"screen-reader-text\">Le prix initial \u00e9tait\u00a0: 3.468,00&nbsp;&euro;.<\/span><ins aria-hidden=\"true\"><span class=\"woocommerce-Price-amount amount\"><bdi>2.860,00&nbsp;<span class=\"woocommerce-Price-currencySymbol\">&euro;<\/span><\/bdi><\/span><\/ins><span class=\"screen-reader-text\">Le prix actuel est\u00a0: 2.860,00&nbsp;&euro;.<\/span><\/span>\n\n\n\n\t\t<\/div>\n\t<\/div>\n<\/div>\n\n\t<\/div> \n\t<p class=\"wc-gzd-additional-info wc-gzd-additional-info-loop tax-info\">incl. 19% TVA<\/p>\n\n\t<p class=\"wc-gzd-additional-info wc-gzd-additional-info-loop shipping-costs-info\">zzgl. <a href=\"https:\/\/www.korbwerk.de\/fr\/atterrissage-en-boutique\/expedition-paiement\/\" target=\"_blank\">Versandkosten<\/a><\/p>\n\n\t<p class=\"wc-gzd-additional-info delivery-time-info wc-gzd-additional-info-loop\"><span class=\"delivery-time-inner delivery-time-3-4-semaines\">Lieferzeit: <span class=\"delivery-time-data\">3-4 semaines<\/span><\/span><\/p>\n\n\n\n\n<\/div>\n<\/li>\n<li class=\"product type-product post-6148 status-publish instock product_cat-vente-de-stock has-post-thumbnail taxable shipping-taxable purchasable product-type-simple product-grid-view\">\n\t<div class=\"fusion-product-wrapper\">\n\n<div class=\"fusion-clean-product-image-wrapper \">\n\t<div  class=\"fusion-image-wrapper fusion-image-size-fixed\" aria-haspopup=\"true\">\n\t\t\t\t<img decoding=\"async\" width=\"450\" height=\"600\" src=\"https:\/\/www.korbwerk.de\/wp-content\/uploads\/2023\/07\/Regalstrandkorb-450x600.jpg\" class=\"attachment-woocommerce_thumbnail size-woocommerce_thumbnail wp-post-image\" alt=\"Regalstrandkorb\" srcset=\"https:\/\/www.korbwerk.de\/wp-content\/uploads\/2023\/07\/Regalstrandkorb-200x267.jpg 200w, https:\/\/www.korbwerk.de\/wp-content\/uploads\/2023\/07\/Regalstrandkorb-225x300.jpg 225w, https:\/\/www.korbwerk.de\/wp-content\/uploads\/2023\/07\/Regalstrandkorb-400x534.jpg 400w, https:\/\/www.korbwerk.de\/wp-content\/uploads\/2023\/07\/Regalstrandkorb-450x600.jpg 450w, https:\/\/www.korbwerk.de\/wp-content\/uploads\/2023\/07\/Regalstrandkorb.jpg 500w\" sizes=\"(max-width: 450px) 100vw, 450px\" \/><div class=\"fusion-rollover\">\n\t<div class=\"fusion-rollover-content\">\n\n\t\t\t\t\n\t\t\n\t\t\t\t\t\t\t\t\n\t\t\t\t\t\t\t\t\n\t\t\n\t\t\t\t\t\t\t\t\t\t\t\t\t\t\t\n\t\t\t\t\t\t\n\t\t\t\t\t\t\t\t\t\t<div class=\"fusion-product-buttons\">\n\t\t\t\t\t<a href=\"\/fr\/wp-json\/wp\/v2\/pages\/6025?add-to-cart=6148\" aria-describedby=\"woocommerce_loop_add_to_cart_link_describedby_6148\" data-quantity=\"1\" class=\"button product_type_simple add_to_cart_button ajax_add_to_cart\" data-product_id=\"6148\" data-product_sku=\"LG2021012\" aria-label=\"Ajouter au panier\u00a0: &ldquo;Corbeille de plage \u00e0 \u00e9tag\u00e8res&rdquo;\" rel=\"nofollow\">Ajouter au panier<\/a>\t<span id=\"woocommerce_loop_add_to_cart_link_describedby_6148\" class=\"screen-reader-text\">\n\t\t\t<\/span>\n<span class=\"fusion-rollover-linebreak\">\n\t\/<\/span>\n\n<a href=\"https:\/\/www.korbwerk.de\/fr\/shop-landing\/panier-de-plage-a-etageres\/\" class=\"show_details_button\">\n\tDetails<\/a>\n\n\t\t\t\t<\/div>\n\t\t\t\t\t\t\t\t\t<a class=\"fusion-link-wrapper\" href=\"https:\/\/www.korbwerk.de\/fr\/shop-landing\/panier-de-plage-a-etageres\/\" aria-label=\"Corbeille de plage \u00e0 \u00e9tag\u00e8res\"><\/a>\n\t<\/div>\n<\/div>\n<\/div>\n<\/div>\n<div class=\"fusion-product-content\">\n\t<div class=\"product-details\">\n\t\t<div class=\"product-details-container\">\n<h3 class=\"product-title\">\n\t<a href=\"https:\/\/www.korbwerk.de\/fr\/shop-landing\/panier-de-plage-a-etageres\/\">\n\t\tCorbeille de plage \u00e0 \u00e9tag\u00e8res\t<\/a>\n<\/h3>\n<div class=\"fusion-price-rating\">\n\n\t<span class=\"price\"><span class=\"woocommerce-Price-amount amount\"><bdi>972,00&nbsp;<span class=\"woocommerce-Price-currencySymbol\">&euro;<\/span><\/bdi><\/span><\/span>\n\n\n\n\t\t<\/div>\n\t<\/div>\n<\/div>\n\n\t<\/div> \n\t<p class=\"wc-gzd-additional-info wc-gzd-additional-info-loop tax-info\">incl. 19% TVA<\/p>\n\n\t<p class=\"wc-gzd-additional-info wc-gzd-additional-info-loop shipping-costs-info\">zzgl. <a href=\"https:\/\/www.korbwerk.de\/fr\/atterrissage-en-boutique\/expedition-paiement\/\" target=\"_blank\">Versandkosten<\/a><\/p>\n\n\n\n\n\n<\/div>\n<\/li>\n<li class=\"product type-product post-6180 status-publish last instock product_cat-vente-de-stock has-post-thumbnail taxable shipping-taxable purchasable product-type-simple product-grid-view\">\n\t<div class=\"fusion-product-wrapper\">\n\n<div class=\"fusion-clean-product-image-wrapper \">\n\t<div  class=\"fusion-image-wrapper fusion-image-size-fixed\" aria-haspopup=\"true\">\n\t\t\t\t<img decoding=\"async\" width=\"500\" height=\"667\" src=\"https:\/\/www.korbwerk.de\/wp-content\/uploads\/2021\/03\/IMG_1179-rotated-1-500x667.jpg\" class=\"attachment-woocommerce_thumbnail size-woocommerce_thumbnail wp-post-image\" alt=\"\" srcset=\"https:\/\/www.korbwerk.de\/wp-content\/uploads\/2021\/03\/IMG_1179-rotated-1-200x267.jpg 200w, https:\/\/www.korbwerk.de\/wp-content\/uploads\/2021\/03\/IMG_1179-rotated-1-225x300.jpg 225w, https:\/\/www.korbwerk.de\/wp-content\/uploads\/2021\/03\/IMG_1179-rotated-1-400x533.jpg 400w, https:\/\/www.korbwerk.de\/wp-content\/uploads\/2021\/03\/IMG_1179-rotated-1-500x667.jpg 500w, https:\/\/www.korbwerk.de\/wp-content\/uploads\/2021\/03\/IMG_1179-rotated-1-600x800.jpg 600w, https:\/\/www.korbwerk.de\/wp-content\/uploads\/2021\/03\/IMG_1179-rotated-1-700x933.jpg 700w, https:\/\/www.korbwerk.de\/wp-content\/uploads\/2021\/03\/IMG_1179-rotated-1-768x1024.jpg 768w, https:\/\/www.korbwerk.de\/wp-content\/uploads\/2021\/03\/IMG_1179-rotated-1-800x1067.jpg 800w, https:\/\/www.korbwerk.de\/wp-content\/uploads\/2021\/03\/IMG_1179-rotated-1-1152x1536.jpg 1152w, https:\/\/www.korbwerk.de\/wp-content\/uploads\/2021\/03\/IMG_1179-rotated-1-1200x1600.jpg 1200w, https:\/\/www.korbwerk.de\/wp-content\/uploads\/2021\/03\/IMG_1179-rotated-1.jpg 1512w\" sizes=\"(max-width: 500px) 100vw, 500px\" \/><div class=\"fusion-rollover\">\n\t<div class=\"fusion-rollover-content\">\n\n\t\t\t\t\n\t\t\n\t\t\t\t\t\t\t\t\n\t\t\t\t\t\t\t\t\n\t\t\n\t\t\t\t\t\t\t\t\t\t\t\t\t\t\t\n\t\t\t\t\t\t\n\t\t\t\t\t\t\t\t\t\t<div class=\"fusion-product-buttons\">\n\t\t\t\t\t<a href=\"\/fr\/wp-json\/wp\/v2\/pages\/6025?add-to-cart=6180\" aria-describedby=\"woocommerce_loop_add_to_cart_link_describedby_6180\" data-quantity=\"1\" class=\"button product_type_simple add_to_cart_button ajax_add_to_cart\" data-product_id=\"6180\" data-product_sku=\"LG2021005\" aria-label=\"Ajouter au panier\u00a0: &ldquo;Corbeille de plage r\u00e9tro en tressage naturel&rdquo;\" rel=\"nofollow\">Ajouter au panier<\/a>\t<span id=\"woocommerce_loop_add_to_cart_link_describedby_6180\" class=\"screen-reader-text\">\n\t\t\t<\/span>\n<span class=\"fusion-rollover-linebreak\">\n\t\/<\/span>\n\n<a href=\"https:\/\/www.korbwerk.de\/fr\/shop-landing\/retro-banc-plage-tressage-naturel\/\" class=\"show_details_button\">\n\tDetails<\/a>\n\n\t\t\t\t<\/div>\n\t\t\t\t\t\t\t\t\t<a class=\"fusion-link-wrapper\" href=\"https:\/\/www.korbwerk.de\/fr\/shop-landing\/retro-banc-plage-tressage-naturel\/\" aria-label=\"Corbeille de plage r\u00e9tro en tressage naturel\"><\/a>\n\t<\/div>\n<\/div>\n<\/div>\n<\/div>\n<div class=\"fusion-product-content\">\n\t<div class=\"product-details\">\n\t\t<div class=\"product-details-container\">\n<h3 class=\"product-title\">\n\t<a href=\"https:\/\/www.korbwerk.de\/fr\/shop-landing\/retro-banc-plage-tressage-naturel\/\">\n\t\tCorbeille de plage r\u00e9tro en tressage naturel\t<\/a>\n<\/h3>\n<div class=\"fusion-price-rating\">\n\n\t<span class=\"price\"><span class=\"woocommerce-Price-amount amount\"><bdi>1.690,00&nbsp;<span class=\"woocommerce-Price-currencySymbol\">&euro;<\/span><\/bdi><\/span><\/span>\n\n\n\n\t\t<\/div>\n\t<\/div>\n<\/div>\n\n\t<\/div> \n\t<p class=\"wc-gzd-additional-info wc-gzd-additional-info-loop tax-info\">incl. 19% TVA<\/p>\n\n\t<p class=\"wc-gzd-additional-info wc-gzd-additional-info-loop shipping-costs-info\">zzgl. <a href=\"https:\/\/www.korbwerk.de\/fr\/atterrissage-en-boutique\/expedition-paiement\/\" target=\"_blank\">Versandkosten<\/a><\/p>\n\n\n\n\n\n<\/div>\n<\/li>\n<li class=\"product type-product post-6159 status-publish first instock product_cat-vente-de-stock sale taxable shipping-taxable purchasable product-type-simple product-grid-view\">\n\t<div class=\"fusion-product-wrapper\">\n<div class=\"fusion-woo-badges-wrapper\">\n\n\t<span class=\"onsale\">Angebot!<\/span>\n\t<\/div><div class=\"fusion-clean-product-image-wrapper \">\n\t<div  class=\"fusion-image-wrapper fusion-image-size-fixed\" aria-haspopup=\"true\">\n\t\t\t\t<img decoding=\"async\" width=\"500\" height=\"500\" src=\"https:\/\/www.korbwerk.de\/wp-content\/uploads\/woocommerce-placeholder-500x500.png\" class=\"woocommerce-placeholder wp-post-image\" alt=\"Texte indicatif\" srcset=\"https:\/\/www.korbwerk.de\/wp-content\/uploads\/woocommerce-placeholder-66x66.png 66w, https:\/\/www.korbwerk.de\/wp-content\/uploads\/woocommerce-placeholder-100x100.png 100w, https:\/\/www.korbwerk.de\/wp-content\/uploads\/woocommerce-placeholder-150x150.png 150w, https:\/\/www.korbwerk.de\/wp-content\/uploads\/woocommerce-placeholder-200x200.png 200w, https:\/\/www.korbwerk.de\/wp-content\/uploads\/woocommerce-placeholder-300x300.png 300w, https:\/\/www.korbwerk.de\/wp-content\/uploads\/woocommerce-placeholder-400x400.png 400w, https:\/\/www.korbwerk.de\/wp-content\/uploads\/woocommerce-placeholder-500x500.png 500w, https:\/\/www.korbwerk.de\/wp-content\/uploads\/woocommerce-placeholder-600x600.png 600w, https:\/\/www.korbwerk.de\/wp-content\/uploads\/woocommerce-placeholder-700x700.png 700w, https:\/\/www.korbwerk.de\/wp-content\/uploads\/woocommerce-placeholder-768x768.png 768w, https:\/\/www.korbwerk.de\/wp-content\/uploads\/woocommerce-placeholder-800x800.png 800w, https:\/\/www.korbwerk.de\/wp-content\/uploads\/woocommerce-placeholder-1024x1024.png 1024w, https:\/\/www.korbwerk.de\/wp-content\/uploads\/woocommerce-placeholder.png 1200w\" sizes=\"(max-width: 500px) 100vw, 500px\" \/><div class=\"fusion-rollover\">\n\t<div class=\"fusion-rollover-content\">\n\n\t\t\t\t\n\t\t\n\t\t\t\t\t\t\t\t\n\t\t\t\t\t\t\t\t\n\t\t\n\t\t\t\t\t\t\t\t\t\t\t\t\t\t\t\n\t\t\t\t\t\t\n\t\t\t\t\t\t\t\t\t\t<div class=\"fusion-product-buttons\">\n\t\t\t\t\t<a href=\"\/fr\/wp-json\/wp\/v2\/pages\/6025?add-to-cart=6159\" aria-describedby=\"woocommerce_loop_add_to_cart_link_describedby_6159\" data-quantity=\"1\" class=\"button product_type_simple add_to_cart_button ajax_add_to_cart\" data-product_id=\"6159\" data-product_sku=\"LG2021001\" aria-label=\"Ajouter au panier\u00a0: &ldquo;Panier pour enfants, d&#039;occasion&rdquo;\" rel=\"nofollow\">Ajouter au panier<\/a>\t<span id=\"woocommerce_loop_add_to_cart_link_describedby_6159\" class=\"screen-reader-text\">\n\t\t\t<\/span>\n<span class=\"fusion-rollover-linebreak\">\n\t\/<\/span>\n\n<a href=\"https:\/\/www.korbwerk.de\/fr\/shop-landing\/panier-enfant-utilise\/\" class=\"show_details_button\">\n\tDetails<\/a>\n\n\t\t\t\t<\/div>\n\t\t\t\t\t\t\t\t\t<a class=\"fusion-link-wrapper\" href=\"https:\/\/www.korbwerk.de\/fr\/shop-landing\/panier-enfant-utilise\/\" aria-label=\"Panier pour enfants, d&rsquo;occasion\"><\/a>\n\t<\/div>\n<\/div>\n<\/div>\n<\/div>\n<div class=\"fusion-product-content\">\n\t<div class=\"product-details\">\n\t\t<div class=\"product-details-container\">\n<h3 class=\"product-title\">\n\t<a href=\"https:\/\/www.korbwerk.de\/fr\/shop-landing\/panier-enfant-utilise\/\">\n\t\tPanier pour enfants, d&rsquo;occasion\t<\/a>\n<\/h3>\n<div class=\"fusion-price-rating\">\n\n\t<span class=\"price\"><del aria-hidden=\"true\"><span class=\"woocommerce-Price-amount amount\"><bdi>990,00&nbsp;<span class=\"woocommerce-Price-currencySymbol\">&euro;<\/span><\/bdi><\/span><\/del> <span class=\"screen-reader-text\">Le prix initial \u00e9tait\u00a0: 990,00&nbsp;&euro;.<\/span><ins aria-hidden=\"true\"><span class=\"woocommerce-Price-amount amount\"><bdi>590,00&nbsp;<span class=\"woocommerce-Price-currencySymbol\">&euro;<\/span><\/bdi><\/span><\/ins><span class=\"screen-reader-text\">Le prix actuel est\u00a0: 590,00&nbsp;&euro;.<\/span><\/span>\n\n\n\n\t\t<\/div>\n\t<\/div>\n<\/div>\n\n\t<\/div> \n\t<p class=\"wc-gzd-additional-info wc-gzd-additional-info-loop tax-info\">incl. 19% TVA<\/p>\n\n\t<p class=\"wc-gzd-additional-info wc-gzd-additional-info-loop shipping-costs-info\">zzgl. <a href=\"https:\/\/www.korbwerk.de\/fr\/atterrissage-en-boutique\/expedition-paiement\/\" target=\"_blank\">Versandkosten<\/a><\/p>\n\n\n\n\n\n<\/div>\n<\/li>\n<\/ul>\n<\/div><\/div><\/div><\/div><\/div><\/p>","protected":false},"excerpt":{"rendered":"","protected":false},"author":1,"featured_media":0,"parent":5983,"menu_order":0,"comment_status":"closed","ping_status":"closed","template":"","meta":{"footnotes":""},"class_list":["post-6025","page","type-page","status-publish","hentry"],"_links":{"self":[{"href":"https:\/\/www.korbwerk.de\/fr\/wp-json\/wp\/v2\/pages\/6025","targetHints":{"allow":["GET"]}}],"collection":[{"href":"https:\/\/www.korbwerk.de\/fr\/wp-json\/wp\/v2\/pages"}],"about":[{"href":"https:\/\/www.korbwerk.de\/fr\/wp-json\/wp\/v2\/types\/page"}],"author":[{"embeddable":true,"href":"https:\/\/www.korbwerk.de\/fr\/wp-json\/wp\/v2\/users\/1"}],"replies":[{"embeddable":true,"href":"https:\/\/www.korbwerk.de\/fr\/wp-json\/wp\/v2\/comments?post=6025"}],"version-history":[{"count":3,"href":"https:\/\/www.korbwerk.de\/fr\/wp-json\/wp\/v2\/pages\/6025\/revisions"}],"predecessor-version":[{"id":6518,"href":"https:\/\/www.korbwerk.de\/fr\/wp-json\/wp\/v2\/pages\/6025\/revisions\/6518"}],"up":[{"embeddable":true,"href":"https:\/\/www.korbwerk.de\/fr\/wp-json\/wp\/v2\/pages\/5983"}],"wp:attachment":[{"href":"https:\/\/www.korbwerk.de\/fr\/wp-json\/wp\/v2\/media?parent=6025"}],"curies":[{"name":"wp","href":"https:\/\/api.w.org\/{rel}","templated":true}]}}