{"id":6040,"date":"2023-06-19T09:50:02","date_gmt":"2023-06-19T07:50:02","guid":{"rendered":"https:\/\/www.korbwerk.de\/atterrissage-en-boutique\/expedition-paiement\/"},"modified":"2024-09-16T13:16:01","modified_gmt":"2024-09-16T11:16:01","slug":"expedition-paiement","status":"publish","type":"page","link":"https:\/\/www.korbwerk.de\/fr\/atterrissage-en-boutique\/expedition-paiement\/","title":{"rendered":"Exp\u00e9dition &amp; paiement"},"content":{"rendered":"<div class=\"fusion-fullwidth fullwidth-box fusion-builder-row-1 fusion-flex-container nonhundred-percent-fullwidth non-hundred-percent-height-scrolling\" style=\"--awb-border-radius-top-left:0px;--awb-border-radius-top-right:0px;--awb-border-radius-bottom-right:0px;--awb-border-radius-bottom-left:0px;--awb-flex-wrap:wrap;\" ><div class=\"fusion-builder-row fusion-row fusion-flex-align-items-flex-start fusion-flex-content-wrap\" style=\"max-width:1320.8px;margin-left: calc(-4% \/ 2 );margin-right: calc(-4% \/ 2 );\"><div class=\"fusion-layout-column fusion_builder_column fusion-builder-column-0 fusion_builder_column_1_2 1_2 fusion-flex-column\" style=\"--awb-bg-size:cover;--awb-width-large:50%;--awb-margin-top-large:25px;--awb-spacing-right-large:3.84%;--awb-margin-bottom-large:25px;--awb-spacing-left-large:3.84%;--awb-width-medium:100%;--awb-order-medium:0;--awb-spacing-right-medium:1.92%;--awb-spacing-left-medium:1.92%;--awb-width-small:100%;--awb-order-small:0;--awb-spacing-right-small:1.92%;--awb-spacing-left-small:1.92%;\"><div class=\"fusion-column-wrapper fusion-column-has-shadow fusion-flex-justify-content-flex-start fusion-content-layout-column\"><div class=\"fusion-text fusion-text-1\" style=\"--awb-content-alignment:left;\"><h1>Modes d&rsquo;envoi<\/h1>\n<h2>1. PARTENAIRE D&rsquo;EXP\u00c9DITION ET PAYS DE LIVRAISON<\/h2>\n<p>  Vous pouvez vous faire livrer votre corbeille de plage par nos soins en Allemagne &#8211; Allemagne continentale franco bord de mer.  <\/p>\n<h2>2. FRAIS D&rsquo;EXP\u00c9DITION<\/h2>\n<p>  Les frais de livraison standard en Allemagne s&rsquo;\u00e9l\u00e8vent \u00e0 195,00\u20ac par corbeille de plage ou 175,00\u20ac en cas de vente en stock et ne d\u00e9pendent pas du mode de paiement.<br \/>\nVous pouvez commander jusqu&rsquo;\u00e0 5 corbeilles de plage \u00e0 la fois.  Si cela ne vous suffit pas, n&rsquo;h\u00e9sitez pas \u00e0 nous contacter directement \u00e0 info@korbwerk.de. Certains paniers sont exp\u00e9di\u00e9s gratuitement.<br \/>\nCela est indiqu\u00e9 sur le produit et dans le panier.<br \/>\nLes accessoires tels que les grilles, les roulettes, etc. peuvent \u00eatre command\u00e9s s\u00e9par\u00e9ment ou avec un panier.<br \/>\nSi vous commandez des accessoires avec un panier, les frais de livraison ne sont pas factur\u00e9s et les pi\u00e8ces sont livr\u00e9es avec le panier.<br \/>\nDans le panier, vous obtenez un cr\u00e9dit imm\u00e9diat.<br \/>\nLes frais de livraison s&rsquo;affichent sous forme de total dans le panier.       <\/p>\n<h2>3) D\u00c9LAI DE LIVRAISON<\/h2>\n<p>  D&rsquo;apr\u00e8s notre exp\u00e9rience, vous pouvez compter sur votre corbeille de plage dans un d\u00e9lai de 6 \u00e0 7 semaines \u00e0 compter de la r\u00e9ception du paiement.<br \/>\nLes corbeilles de plage comme \u00ab\u00a0Baltic Empire\u00a0\u00bb ou \u00ab\u00a0Hochedel\u00a0\u00bb ont un d\u00e9lai de livraison de 7 \u00e0 8 semaines.<br \/>\nD\u00e8s que votre corbeille de plage quitte notre entrep\u00f4t, vous recevez une confirmation d&rsquo;exp\u00e9dition.   Vous pouvez alors d\u00e9cider si la date vous convient ou, si vous le souhaitez, la modifier. Pour ce faire, il vous suffit de suivre les instructions du courrier.  <\/p>\n<h2>4. ADRESSES DE LIVRAISON<\/h2>\n<p>  Nous vous identifions en tant que client(e) par le biais de son adresse de facturation. Veuillez donc toujours indiquer l&rsquo;adresse personnelle et priv\u00e9e correcte, m\u00eame si la marchandise doit \u00eatre envoy\u00e9e \u00e0 ton lieu de travail par exemple. Vous pouvez facilement indiquer une adresse de livraison diff\u00e9rente lors du processus de commande.  <\/p>\n<h2>5. ADRESSE DE LIVRAISON DIFF\u00c9RENTE<\/h2>\n<p>  Vous souhaitez que votre commande soit livr\u00e9e \u00e0 votre adresse professionnelle ? Dans ce cas, utilisez simplement la possibilit\u00e9 d&rsquo;indiquer une adresse de livraison diff\u00e9rente.  <\/p>\n<h2>6. \u00c9TAT DE L&rsquo;EXP\u00c9DITION<\/h2>\n<p>  Vous recevrez un avis de passage par e-mail la veille de la livraison. Si la date ne vous convient pas, vous avez diff\u00e9rentes options de modification, comme par exemple l&rsquo;envoi \u00e0 une autre adresse ou m\u00eame une autre date. Ainsi, le processus de livraison doit s&rsquo;adapter \u00e0 leur quotidien et non l&rsquo;inverse.<\/p>\n<\/div><\/div><\/div><div class=\"fusion-layout-column fusion_builder_column fusion-builder-column-1 fusion_builder_column_1_2 1_2 fusion-flex-column\" style=\"--awb-bg-size:cover;--awb-width-large:50%;--awb-margin-top-large:25px;--awb-spacing-right-large:3.84%;--awb-margin-bottom-large:25px;--awb-spacing-left-large:3.84%;--awb-width-medium:100%;--awb-order-medium:0;--awb-spacing-right-medium:1.92%;--awb-spacing-left-medium:1.92%;--awb-width-small:100%;--awb-order-small:0;--awb-spacing-right-small:1.92%;--awb-spacing-left-small:1.92%;\"><div class=\"fusion-column-wrapper fusion-column-has-shadow fusion-flex-justify-content-flex-start fusion-content-layout-column\"><div class=\"fusion-text fusion-text-2\" style=\"--awb-content-alignment:left;\"><h1 class=\"fusion-responsive-typography-calculated\" style=\"--fontsize: 30; line-height: 1.4;\" data-fontsize=\"30\" data-lineheight=\"42px\">Modes de paiement<\/h1>\n<p>  Pour un achat s\u00fbr et confortable, nous vous proposons les m\u00e9thodes de paiement suivantes : PAYPAL CREDIT CARD (STRIPE) Nous prot\u00e9geons vos donn\u00e9es contre l&rsquo;acc\u00e8s non autoris\u00e9 de tiers, gr\u00e2ce \u00e0 des technologies de s\u00e9curit\u00e9 contr\u00f4l\u00e9es, comme par exemple SSL (Secure Socket Layer).  <\/p>\n<h2 class=\"fusion-responsive-typography-calculated\" style=\"--fontsize: 24; line-height: 1.25;\" data-fontsize=\"24\" data-lineheight=\"30px\">1. PR\u00c9PAIEMENT<\/h2>\n<p>  Si vous optez pour ce mode de paiement, veuillez envoyer le montant total dans un d\u00e9lai de 7 jours calendaires au compte bancaire indiqu\u00e9 ci-dessous. Nous leur r\u00e9servons ta commande pour cette p\u00e9riode. Si votre virement nous parvient dans les temps, nous traitons votre commande et la mettons \u00e0 l&rsquo;exp\u00e9dition. L&rsquo;ORDRE BANCAIRE POUR LE TRANSFERT PAR VERSAIRE EST : Korbwerk Usedom GmbH &amp; Co.KG Banque : Volksbank Vorpommern IBAN : DE94150616380003314677 BIC : GENODEF1ANK Veuillez transf\u00e9rer chaque commande s\u00e9par\u00e9ment en veillant \u00e0 indiquer le motif complet du virement. Si aucun paiement n&rsquo;est re\u00e7u apr\u00e8s 7 jours, votre commande sera annul\u00e9e. Dans ce cas, nous vous informerons bien entendu par e-mail.  <\/p>\n<h2 class=\"fusion-responsive-typography-calculated\" style=\"--fontsize: 24; line-height: 1.25;\" data-fontsize=\"24\" data-lineheight=\"30px\">2. PAYPAL<\/h2>\n<p>  PAYPAL EST LE SERVICE DE PAIEMENT EN LIGNE AVEC LEQUEL VOUS POUVEZ PAYER SIMPLEMENT ET GRATUITEMENT DANS LES BOUTIQUES EN LIGNE : &#8211; Vos coordonn\u00e9es bancaires ou de carte de cr\u00e9dit ne sont d\u00e9pos\u00e9es que chez PayPal. C&rsquo;est pourquoi elles ne sont pas envoy\u00e9es \u00e0 nouveau par Internet \u00e0 chaque achat en ligne. &#8211; Vous payez en deux clics. En effet, ils ont recours \u00e0 leurs donn\u00e9es bancaires ou de carte de cr\u00e9dit d\u00e9pos\u00e9es chez PayPal au lieu de les saisir \u00e0 nouveau \u00e0 chaque achat. POUR UTILISER PAYPAL : &#8211; Veuillez ouvrir un compte PayPal &#8211; Veuillez associer votre compte bancaire ou votre carte de cr\u00e9dit \u00e0 votre compte PayPal. &#8211; Pr\u00eat ! Vous pouvez payer avec PayPal. Si vous souhaitez payer avec PayPal, vous serez automatiquement redirig\u00e9 vers votre page PayPal \u00e0 la fin du processus de commande. Vous recevrez ensuite une confirmation par e-mail de PayPal et de la boutique en ligne.  <\/p>\n<h2 class=\"fusion-responsive-typography-calculated\" style=\"--fontsize: 24; line-height: 1.25;\" data-fontsize=\"24\" data-lineheight=\"30px\">3. carte de cr\u00e9dit (Stripe)<\/h2>\n<p>  Chez nous, vous pouvez payer facilement et en toute s\u00e9curit\u00e9 avec votre carte de cr\u00e9dit. Nous acceptons les cartes de cr\u00e9dit MasterCard, Visa et American Express. Les donn\u00e9es de votre carte de cr\u00e9dit sont transmises de mani\u00e8re crypt\u00e9e par le proc\u00e9d\u00e9 SSL. Gr\u00e2ce \u00e0 ce standard de s\u00e9curit\u00e9 \u00e9lev\u00e9, un achat chez Korbwerk par carte de cr\u00e9dit est s\u00fbr.<\/p>\n<\/div><\/div><\/div><\/div><\/div>","protected":false},"excerpt":{"rendered":"","protected":false},"author":1,"featured_media":0,"parent":5983,"menu_order":0,"comment_status":"closed","ping_status":"closed","template":"","meta":{"footnotes":""},"class_list":["post-6040","page","type-page","status-publish","hentry"],"_links":{"self":[{"href":"https:\/\/www.korbwerk.de\/fr\/wp-json\/wp\/v2\/pages\/6040","targetHints":{"allow":["GET"]}}],"collection":[{"href":"https:\/\/www.korbwerk.de\/fr\/wp-json\/wp\/v2\/pages"}],"about":[{"href":"https:\/\/www.korbwerk.de\/fr\/wp-json\/wp\/v2\/types\/page"}],"author":[{"embeddable":true,"href":"https:\/\/www.korbwerk.de\/fr\/wp-json\/wp\/v2\/users\/1"}],"replies":[{"embeddable":true,"href":"https:\/\/www.korbwerk.de\/fr\/wp-json\/wp\/v2\/comments?post=6040"}],"version-history":[{"count":4,"href":"https:\/\/www.korbwerk.de\/fr\/wp-json\/wp\/v2\/pages\/6040\/revisions"}],"predecessor-version":[{"id":7525,"href":"https:\/\/www.korbwerk.de\/fr\/wp-json\/wp\/v2\/pages\/6040\/revisions\/7525"}],"up":[{"embeddable":true,"href":"https:\/\/www.korbwerk.de\/fr\/wp-json\/wp\/v2\/pages\/5983"}],"wp:attachment":[{"href":"https:\/\/www.korbwerk.de\/fr\/wp-json\/wp\/v2\/media?parent=6040"}],"curies":[{"name":"wp","href":"https:\/\/api.w.org\/{rel}","templated":true}]}}