{"id":6056,"date":"2023-06-19T09:50:06","date_gmt":"2023-06-19T07:50:06","guid":{"rendered":"https:\/\/www.korbwerk.de\/modes-de-paiement\/"},"modified":"2023-06-19T09:50:06","modified_gmt":"2023-06-19T07:50:06","slug":"modes-de-paiement","status":"publish","type":"page","link":"https:\/\/www.korbwerk.de\/fr\/atterrissage-en-boutique\/modes-de-paiement\/","title":{"rendered":"Modes de paiement"},"content":{"rendered":"<div class=\"woocommerce woocommerce-gzd\">\n\t<ul class=\"payment_methods methods\">\n\t\t\t\t\t<li class=\"payment_method_ppcp-gateway\">\n\t\t\t\t<label>PayPal<\/label>\n\t\t\t\t\t\t\t\t\t<div class=\"payment_box payment_method_ppcp-gateway\">\n\t\t\t\t\t\t<p>Mit PayPal zahlen.<\/p>\n\t\t\t\t\t<\/div>\n\t\t\t\t\t\t\t<\/li>\n\t\t\t\t\t<li class=\"payment_method_stripe\">\n\t\t\t\t<label>Carte de cr\u00e9dit (Stripe)<img decoding=\"async\" src=\"https:\/\/www.korbwerk.de\/wp-content\/plugins\/woocommerce-gateway-stripe\/assets\/images\/cards.svg\" class=\"stripe-cards-icon stripe-icon\" alt=\"Carte de cr\u00e9dit\/d\u00e9bit\" \/><\/label>\n\t\t\t\t\t\t\t\t\t<div class=\"payment_box payment_method_stripe\">\n\t\t\t\t\t\t<p>Payez par carte de cr\u00e9dit avec Stripe.<\/p>\n\t\t\t\t\t<\/div>\n\t\t\t\t\t\t\t<\/li>\n\t\t\t\t\t<li class=\"payment_method_stripe_klarna\">\n\t\t\t\t<label>Klarna<img decoding=\"async\" src=\"https:\/\/www.korbwerk.de\/wp-content\/plugins\/woocommerce-gateway-stripe\/assets\/images\/klarna.svg\" class=\"stripe-klarna-icon stripe-icon\" alt=\"Klarna\" \/><\/label>\n\t\t\t\t\t\t\t\t\t<div class=\"payment_box payment_method_stripe_klarna\">\n\t\t\t\t\t\t<p><\/p>\n\t\t\t\t\t<\/div>\n\t\t\t\t\t\t\t<\/li>\n\t\t\t\t\t<li class=\"payment_method_stripe_link\">\n\t\t\t\t<label>Lien<\/label>\n\t\t\t\t\t\t\t\t\t<div class=\"payment_box payment_method_stripe_link\">\n\t\t\t\t\t\t<p><\/p>\n\t\t\t\t\t<\/div>\n\t\t\t\t\t\t\t<\/li>\n\t\t\t\t\t<li class=\"payment_method_bacs\">\n\t\t\t\t<label>Virement bancaire direct<\/label>\n\t\t\t\t\t\t\t\t\t<div class=\"payment_box payment_method_bacs\">\n\t\t\t\t\t\t<p>Virement directement sur notre compte bancaire. Veuillez utiliser le num\u00e9ro de commande comme r\u00e9f\u00e9rence. Votre commande ne sera exp\u00e9di\u00e9e qu'apr\u00e8s que l'argent aura \u00e9t\u00e9 cr\u00e9dit\u00e9 sur notre compte.<\/p>\n\t\t\t\t\t<\/div>\n\t\t\t\t\t\t\t<\/li>\n\t\t\t<\/ul>\n<\/div>","protected":false},"excerpt":{"rendered":"","protected":false},"author":1,"featured_media":0,"parent":5983,"menu_order":0,"comment_status":"closed","ping_status":"closed","template":"","meta":{"footnotes":""},"class_list":["post-6056","page","type-page","status-publish","hentry"],"_links":{"self":[{"href":"https:\/\/www.korbwerk.de\/fr\/wp-json\/wp\/v2\/pages\/6056","targetHints":{"allow":["GET"]}}],"collection":[{"href":"https:\/\/www.korbwerk.de\/fr\/wp-json\/wp\/v2\/pages"}],"about":[{"href":"https:\/\/www.korbwerk.de\/fr\/wp-json\/wp\/v2\/types\/page"}],"author":[{"embeddable":true,"href":"https:\/\/www.korbwerk.de\/fr\/wp-json\/wp\/v2\/users\/1"}],"replies":[{"embeddable":true,"href":"https:\/\/www.korbwerk.de\/fr\/wp-json\/wp\/v2\/comments?post=6056"}],"version-history":[{"count":0,"href":"https:\/\/www.korbwerk.de\/fr\/wp-json\/wp\/v2\/pages\/6056\/revisions"}],"up":[{"embeddable":true,"href":"https:\/\/www.korbwerk.de\/fr\/wp-json\/wp\/v2\/pages\/5983"}],"wp:attachment":[{"href":"https:\/\/www.korbwerk.de\/fr\/wp-json\/wp\/v2\/media?parent=6056"}],"curies":[{"name":"wp","href":"https:\/\/api.w.org\/{rel}","templated":true}]}}