{"id":6139,"date":"2022-06-15T10:14:35","date_gmt":"2022-06-15T08:14:35","guid":{"rendered":"https:\/\/www.korbwerk.de\/shop-landing\/bache-pour-panier-de-jardin-taille-l-en-vert\/"},"modified":"2023-06-19T09:51:28","modified_gmt":"2023-06-19T07:51:28","slug":"bache-de-stand-taille-l-en-vert","status":"publish","type":"product","link":"https:\/\/www.korbwerk.de\/fr\/shop-landing\/bache-de-stand-taille-l-en-vert\/","title":{"rendered":"B\u00e2che pour panier de jardin taille L en vert"},"content":{"rendered":"","protected":false},"excerpt":{"rendered":"<h1>PLANIFICATION DE LA CORBEILLE : Une protection optimale contre les intemp\u00e9ries pour votre chaise de plage !<\/h1>\n<p><strong>Taille L<\/strong> Dimensions L x H x P (cm) : 125 x 165 x 89, Poids : env. 2 kg<\/p>\n<p>Pr\u00e9servez la vie et la bonne apparence de votre bijou avec une b\u00e2che de protection contre les intemp\u00e9ries de Korbwerk. La b\u00e2che les prot\u00e8ge de l&rsquo;humidit\u00e9, des feuilles d&rsquo;automne et \u00e9loigne \u00e9galement les h\u00f4tes ind\u00e9sirables comme les chats ou les fouines.<\/p>\n<p><strong>Ce qui distingue nos b\u00e2ches<\/strong><\/p>\n<ul>\n<li>R\u00e9sistance maximale \u00e0 la d\u00e9composition<\/li>\n<li>Stabilit\u00e9 dimensionnelle<\/li>\n<li>R\u00e9sistance maximale \u00e0 la d\u00e9chirure<\/li>\n<li>R\u00e9sistance \u00e0 la lumi\u00e8re et aux intemp\u00e9ries<\/li>\n<li>R\u00e9sistance maximale aux influences environnementales<\/li>\n<li>Perm\u00e9able \u00e0 l&rsquo;air et hydrofugeR\u00e9sistance \u00e0 la d\u00e9coloration<\/li>\n<\/ul>\n<p><strong>D&rsquo;ailleurs : commandez la b\u00e2che de protection en m\u00eame temps que le panier.  <\/strong><br \/>\n<strong>Vous b\u00e9n\u00e9ficierez alors d&rsquo;une r\u00e9duction sur les frais d&rsquo;envoi de la b\u00e2che de protection.<\/strong><\/p>\n","protected":false},"featured_media":5899,"template":"","meta":[],"product_brand":[],"product_cat":[183],"product_tag":[179,180,181,182],"class_list":{"0":"post-6139","1":"product","2":"type-product","3":"status-publish","4":"has-post-thumbnail","6":"product_cat-bache-pour-panier-sur-pied-l","7":"product_tag-bache-pour-chaise-de-plage","8":"product_tag-fauteuil-cabine-de-plage","9":"product_tag-protection","10":"product_tag-meteo","12":"first","13":"instock","14":"taxable","15":"shipping-taxable","16":"purchasable","17":"product-type-simple"},"_links":{"self":[{"href":"https:\/\/www.korbwerk.de\/fr\/wp-json\/wp\/v2\/product\/6139","targetHints":{"allow":["GET"]}}],"collection":[{"href":"https:\/\/www.korbwerk.de\/fr\/wp-json\/wp\/v2\/product"}],"about":[{"href":"https:\/\/www.korbwerk.de\/fr\/wp-json\/wp\/v2\/types\/product"}],"wp:featuredmedia":[{"embeddable":true,"href":"https:\/\/www.korbwerk.de\/fr\/wp-json\/wp\/v2\/media\/5899"}],"wp:attachment":[{"href":"https:\/\/www.korbwerk.de\/fr\/wp-json\/wp\/v2\/media?parent=6139"}],"wp:term":[{"taxonomy":"product_brand","embeddable":true,"href":"https:\/\/www.korbwerk.de\/fr\/wp-json\/wp\/v2\/product_brand?post=6139"},{"taxonomy":"product_cat","embeddable":true,"href":"https:\/\/www.korbwerk.de\/fr\/wp-json\/wp\/v2\/product_cat?post=6139"},{"taxonomy":"product_tag","embeddable":true,"href":"https:\/\/www.korbwerk.de\/fr\/wp-json\/wp\/v2\/product_tag?post=6139"}],"curies":[{"name":"wp","href":"https:\/\/api.w.org\/{rel}","templated":true}]}}