{"id":6154,"date":"2022-04-27T15:37:19","date_gmt":"2022-04-27T13:37:19","guid":{"rendered":"https:\/\/www.korbwerk.de\/shop-landing\/bache-pour-panier-taille-s-beige\/"},"modified":"2023-07-03T16:14:52","modified_gmt":"2023-07-03T14:14:52","slug":"bache-pour-panier-en-beige","status":"publish","type":"product","link":"https:\/\/www.korbwerk.de\/fr\/shop-landing\/bache-pour-panier-en-beige\/","title":{"rendered":"B\u00e2che pour panier, taille S, beige"},"content":{"rendered":"","protected":false},"excerpt":{"rendered":"<h1>Prot\u00e9gez votre corbeille de plage de mani\u00e8re optimale avec une b\u00e2che de protection de Korbwerk !<\/h1>\n<p><strong>Taille S<\/strong> Dimensions : L x H x P (cm) : 95 x 155 x 89 Poids environ 1,5 kg<\/p>\n<p>Pour que vous puissiez profiter de votre corbeille de plage pendant de nombreuses ann\u00e9es, nous vous recommandons d&rsquo;installer une b\u00e2che de protection contre les intemp\u00e9ries, l&rsquo;humidit\u00e9 et les h\u00f4tes ind\u00e9sirables, comme le chat du voisin ou d&rsquo;autres animaux.<\/p>\n<p>Nos b\u00e2ches &#8211; la qualit\u00e9 de Korbwerk :<\/p>\n<ul>\n<li>R\u00e9sistance maximale aux influences environnementales<\/li>\n<li>R\u00e9sistance \u00e0 la lumi\u00e8re et aux intemp\u00e9ries<\/li>\n<li>Stabilit\u00e9 dimensionnelle<\/li>\n<li>Perm\u00e9able \u00e0 l&rsquo;air et hydrofuge<\/li>\n<li>Solidit\u00e9 des couleurs<\/li>\n<li>R\u00e9sistance maximale \u00e0 la d\u00e9chirure<\/li>\n<\/ul>\n<p><strong>Le mieux est de commander la b\u00e2che de protection en m\u00eame temps que la corbeille de plage.<br \/>\n<\/strong><strong>Nous vous offrons alors une r\u00e9duction sur les frais d&rsquo;envoi de la b\u00e2che de protection.<\/strong><\/p>\n","protected":false},"featured_media":5897,"template":"","meta":[],"product_brand":[],"product_cat":[177],"product_tag":[179,180,182,181],"class_list":{"0":"post-6154","1":"product","2":"type-product","3":"status-publish","4":"has-post-thumbnail","6":"product_cat-bache-pour-panier-sur-pied-s","7":"product_tag-bache-pour-chaise-de-plage","8":"product_tag-fauteuil-cabine-de-plage","9":"product_tag-meteo","10":"product_tag-protection","12":"first","13":"instock","14":"taxable","15":"shipping-taxable","16":"purchasable","17":"product-type-simple"},"_links":{"self":[{"href":"https:\/\/www.korbwerk.de\/fr\/wp-json\/wp\/v2\/product\/6154","targetHints":{"allow":["GET"]}}],"collection":[{"href":"https:\/\/www.korbwerk.de\/fr\/wp-json\/wp\/v2\/product"}],"about":[{"href":"https:\/\/www.korbwerk.de\/fr\/wp-json\/wp\/v2\/types\/product"}],"wp:featuredmedia":[{"embeddable":true,"href":"https:\/\/www.korbwerk.de\/fr\/wp-json\/wp\/v2\/media\/5897"}],"wp:attachment":[{"href":"https:\/\/www.korbwerk.de\/fr\/wp-json\/wp\/v2\/media?parent=6154"}],"wp:term":[{"taxonomy":"product_brand","embeddable":true,"href":"https:\/\/www.korbwerk.de\/fr\/wp-json\/wp\/v2\/product_brand?post=6154"},{"taxonomy":"product_cat","embeddable":true,"href":"https:\/\/www.korbwerk.de\/fr\/wp-json\/wp\/v2\/product_cat?post=6154"},{"taxonomy":"product_tag","embeddable":true,"href":"https:\/\/www.korbwerk.de\/fr\/wp-json\/wp\/v2\/product_tag?post=6154"}],"curies":[{"name":"wp","href":"https:\/\/api.w.org\/{rel}","templated":true}]}}