{"id":6170,"date":"2022-06-15T10:12:49","date_gmt":"2023-06-19T07:51:32","guid":{"rendered":"https:\/\/www.korbwerk.de\/shop-landing\/bache-pour-panier-taille-xl-beige\/"},"modified":"2023-07-03T16:14:37","modified_gmt":"2023-07-03T14:14:37","slug":"bache-de-stand-xl-in-beige","status":"publish","type":"product","link":"https:\/\/www.korbwerk.de\/fr\/shop-landing\/bache-de-stand-xl-in-beige\/","title":{"rendered":"B\u00e2che pour panier, taille XL, beige"},"content":{"rendered":"","protected":false},"excerpt":{"rendered":"<h1>NOS PLANS : Une protection parfaite pour votre corbeille de plage !<\/h1>\n<p><strong>Taille XL<\/strong> Dimensions : L x H x P (cm) : 145 x 155 x 89, poids : env. 2 kg<\/p>\n<p>Prolongez la vie et la bonne apparence de votre corbeille de plage avec une b\u00e2che de protection. L&rsquo;humidit\u00e9 inutile, les feuilles d&rsquo;automne ou les poils de chat du voisin sont ainsi \u00e9pargn\u00e9s \u00e0 votre bijou.<\/p>\n<p><strong>Les b\u00e2ches de corbeille de plage Korbwerk convainquent par :<\/strong><\/p>\n<ul>\n<li>Solidit\u00e9 des couleurs<\/li>\n<li>R\u00e9sistance \u00e0 la lumi\u00e8re et aux intemp\u00e9ries<\/li>\n<li>R\u00e9sistance maximale \u00e0 la d\u00e9composition<\/li>\n<li>Stabilit\u00e9 dimensionnelle<\/li>\n<li>R\u00e9sistance maximale \u00e0 la d\u00e9chirure<\/li>\n<li>R\u00e9sistance maximale aux influences environnementales<\/li>\n<li>Perm\u00e9able \u00e0 l&rsquo;air et hydrofuge<\/li>\n<\/ul>\n<p><strong>Un autre conseil : si vous commandez la b\u00e2che de protection en m\u00eame temps que le panier,<\/strong><br \/>\n<strong>vous b\u00e9n\u00e9ficiez d&rsquo;une r\u00e9duction sur les frais de livraison de la b\u00e2che.<\/strong><\/p>\n","protected":false},"featured_media":0,"template":"","meta":[],"product_brand":[],"product_cat":[184],"product_tag":[181,182,179,180],"class_list":{"0":"post-6170","1":"product","2":"type-product","3":"status-publish","5":"product_cat-bache-pour-panier-sur-pied-xl","6":"product_tag-protection","7":"product_tag-meteo","8":"product_tag-bache-pour-chaise-de-plage","9":"product_tag-fauteuil-cabine-de-plage","11":"first","12":"instock","13":"taxable","14":"shipping-taxable","15":"purchasable","16":"product-type-simple"},"_links":{"self":[{"href":"https:\/\/www.korbwerk.de\/fr\/wp-json\/wp\/v2\/product\/6170","targetHints":{"allow":["GET"]}}],"collection":[{"href":"https:\/\/www.korbwerk.de\/fr\/wp-json\/wp\/v2\/product"}],"about":[{"href":"https:\/\/www.korbwerk.de\/fr\/wp-json\/wp\/v2\/types\/product"}],"wp:attachment":[{"href":"https:\/\/www.korbwerk.de\/fr\/wp-json\/wp\/v2\/media?parent=6170"}],"wp:term":[{"taxonomy":"product_brand","embeddable":true,"href":"https:\/\/www.korbwerk.de\/fr\/wp-json\/wp\/v2\/product_brand?post=6170"},{"taxonomy":"product_cat","embeddable":true,"href":"https:\/\/www.korbwerk.de\/fr\/wp-json\/wp\/v2\/product_cat?post=6170"},{"taxonomy":"product_tag","embeddable":true,"href":"https:\/\/www.korbwerk.de\/fr\/wp-json\/wp\/v2\/product_tag?post=6170"}],"curies":[{"name":"wp","href":"https:\/\/api.w.org\/{rel}","templated":true}]}}