{"id":6179,"date":"2022-03-10T15:49:05","date_gmt":"2023-06-19T07:51:34","guid":{"rendered":"https:\/\/www.korbwerk.de\/shop-landing\/usedom-hipsit-a-deux-places\/"},"modified":"2023-07-03T16:26:57","modified_gmt":"2023-07-03T14:26:57","slug":"dome-deux-places-semi-libre-vert","status":"publish","type":"product","link":"https:\/\/www.korbwerk.de\/fr\/shop-landing\/dome-deux-places-semi-libre-vert\/","title":{"rendered":"Usedom Hipsit \u00e0 deux places"},"content":{"rendered":"<div class=\"fusion-fullwidth fullwidth-box fusion-builder-row-1 fusion-flex-container nonhundred-percent-fullwidth non-hundred-percent-height-scrolling\" style=\"--awb-border-radius-top-left:0px;--awb-border-radius-top-right:0px;--awb-border-radius-bottom-right:0px;--awb-border-radius-bottom-left:0px;--awb-padding-top:0px;--awb-padding-right:0px;--awb-padding-bottom:0px;--awb-padding-left:0px;--awb-margin-top:0px;--awb-margin-bottom:0px;--awb-flex-wrap:wrap;\" ><div class=\"fusion-builder-row fusion-row fusion-flex-align-items-flex-start fusion-flex-content-wrap\" style=\"max-width:1320.8px;margin-left: calc(-4% \/ 2 );margin-right: calc(-4% \/ 2 );\"><div class=\"fusion-layout-column fusion_builder_column fusion-builder-column-0 fusion_builder_column_1_1 1_1 fusion-flex-column\" style=\"--awb-bg-size:cover;--awb-width-large:100%;--awb-margin-top-large:25px;--awb-spacing-right-large:1.92%;--awb-margin-bottom-large:25px;--awb-spacing-left-large:1.92%;--awb-width-medium:100%;--awb-order-medium:0;--awb-spacing-right-medium:1.92%;--awb-spacing-left-medium:1.92%;--awb-width-small:100%;--awb-order-small:0;--awb-spacing-right-small:1.92%;--awb-spacing-left-small:1.92%;\"><div class=\"fusion-column-wrapper fusion-column-has-shadow fusion-flex-justify-content-flex-start fusion-content-layout-column\"><div class=\"fusion-woo-product-grid fusion-product-archive fusion-woo-product-grid-1 hide-rating\"><ul class=\"products products-3\"><li class=\"product type-product post-6139 status-publish first instock product_cat-bache-pour-panier-sur-pied-l product_tag-bache-pour-chaise-de-plage product_tag-fauteuil-cabine-de-plage product_tag-protection product_tag-meteo has-post-thumbnail taxable shipping-taxable purchasable product-type-simple product-grid-view\">\n\t<div class=\"fusion-product-wrapper\">\n\n<div class=\"fusion-clean-product-image-wrapper \">\n\t<div  class=\"fusion-image-wrapper fusion-image-size-fixed\" aria-haspopup=\"true\">\n\t\t\t\t<img decoding=\"async\" width=\"500\" height=\"500\" src=\"https:\/\/www.korbwerk.de\/wp-content\/uploads\/2022\/04\/Haube-Gruen-500x500.jpg\" class=\"attachment-woocommerce_thumbnail size-woocommerce_thumbnail wp-post-image\" alt=\"\" srcset=\"https:\/\/www.korbwerk.de\/wp-content\/uploads\/2022\/04\/Haube-Gruen-66x66.jpg 66w, https:\/\/www.korbwerk.de\/wp-content\/uploads\/2022\/04\/Haube-Gruen-100x100.jpg 100w, https:\/\/www.korbwerk.de\/wp-content\/uploads\/2022\/04\/Haube-Gruen-150x150.jpg 150w, https:\/\/www.korbwerk.de\/wp-content\/uploads\/2022\/04\/Haube-Gruen-200x200.jpg 200w, https:\/\/www.korbwerk.de\/wp-content\/uploads\/2022\/04\/Haube-Gruen-300x300.jpg 300w, https:\/\/www.korbwerk.de\/wp-content\/uploads\/2022\/04\/Haube-Gruen-400x400.jpg 400w, https:\/\/www.korbwerk.de\/wp-content\/uploads\/2022\/04\/Haube-Gruen-500x500.jpg 500w, https:\/\/www.korbwerk.de\/wp-content\/uploads\/2022\/04\/Haube-Gruen-600x600.jpg 600w, https:\/\/www.korbwerk.de\/wp-content\/uploads\/2022\/04\/Haube-Gruen-700x700.jpg 700w, https:\/\/www.korbwerk.de\/wp-content\/uploads\/2022\/04\/Haube-Gruen-768x768.jpg 768w, https:\/\/www.korbwerk.de\/wp-content\/uploads\/2022\/04\/Haube-Gruen-800x800.jpg 800w, https:\/\/www.korbwerk.de\/wp-content\/uploads\/2022\/04\/Haube-Gruen-1024x1024.jpg 1024w, https:\/\/www.korbwerk.de\/wp-content\/uploads\/2022\/04\/Haube-Gruen-1200x1200.jpg 1200w, https:\/\/www.korbwerk.de\/wp-content\/uploads\/2022\/04\/Haube-Gruen.jpg 1280w\" sizes=\"(max-width: 500px) 100vw, 500px\" \/><div class=\"fusion-rollover\">\n\t<div class=\"fusion-rollover-content\">\n\n\t\t\t\t\n\t\t\n\t\t\t\t\t\t\t\t\n\t\t\t\t\t\t\t\t\n\t\t\n\t\t\t\t\t\t\t\t\t\t\t\t\t\t\t\n\t\t\t\t\t\t\n\t\t\t\t\t\t\t\t\t\t<div class=\"fusion-product-buttons\">\n\t\t\t\t\t<a href=\"\/fr\/wp-json\/wp\/v2\/product\/6179?add-to-cart=6139\" aria-describedby=\"woocommerce_loop_add_to_cart_link_describedby_6139\" data-quantity=\"1\" class=\"button product_type_simple add_to_cart_button ajax_add_to_cart\" data-product_id=\"6139\" data-product_sku=\"PL-002-L-green\" aria-label=\"Ajouter au panier\u00a0: &ldquo;B\u00e2che pour panier de jardin taille L en vert&rdquo;\" rel=\"nofollow\">Ajouter au panier<\/a>\t<span id=\"woocommerce_loop_add_to_cart_link_describedby_6139\" class=\"screen-reader-text\">\n\t\t\t<\/span>\n<span class=\"fusion-rollover-linebreak\">\n\t\/<\/span>\n\n<a href=\"https:\/\/www.korbwerk.de\/fr\/shop-landing\/bache-de-stand-taille-l-en-vert\/\" class=\"show_details_button\">\n\tDetails<\/a>\n\n\t\t\t\t<\/div>\n\t\t\t\t\t\t\t\t\t<a class=\"fusion-link-wrapper\" href=\"https:\/\/www.korbwerk.de\/fr\/shop-landing\/bache-de-stand-taille-l-en-vert\/\" aria-label=\"B\u00e2che pour panier de jardin taille L en vert\"><\/a>\n\t<\/div>\n<\/div>\n<\/div>\n<\/div>\n<div class=\"fusion-product-content\">\n\t<div class=\"product-details\">\n\t\t<div class=\"product-details-container\">\n<h3 class=\"product-title\">\n\t<a href=\"https:\/\/www.korbwerk.de\/fr\/shop-landing\/bache-de-stand-taille-l-en-vert\/\">\n\t\tB\u00e2che pour panier de jardin taille L en vert\t<\/a>\n<\/h3>\n<div class=\"fusion-price-rating\">\n\n\t<span class=\"price\"><span class=\"woocommerce-Price-amount amount\"><bdi>211,00&nbsp;<span class=\"woocommerce-Price-currencySymbol\">&euro;<\/span><\/bdi><\/span><\/span>\n\n\n\t<p class=\"price price-unit smaller wc-gzd-additional-info wc-gzd-additional-info-loop\"><span class=\"woocommerce-Price-amount amount\">211,00&nbsp;<span class=\"woocommerce-Price-currencySymbol\">&euro;<\/span><\/span> \/  <span class=\"unit\">pc<\/span><\/p>\n\n\t\t<\/div>\n\t<\/div>\n<\/div>\n\n\t<\/div> \n\t<p class=\"wc-gzd-additional-info wc-gzd-additional-info-loop tax-info\">incl. 19% TVA<\/p>\n\n\n\t<p class=\"wc-gzd-additional-info delivery-time-info wc-gzd-additional-info-loop\"><span class=\"delivery-time-inner delivery-time-2-3-semaines\">Lieferzeit: <span class=\"delivery-time-data\">2-3 semaines<\/span><\/span><\/p>\n\n\t<p class=\"wc-gzd-additional-info wc-gzd-additional-info-loop product-units-wrapper product-units\">Produkt enth\u00e4lt: 1 <span class=\"unit\">pc<\/span><\/p>\n\n\n\n<\/div>\n<\/li>\n<li class=\"product type-product post-6158 status-publish instock product_cat-bache-pour-panier-sur-pied-l product_tag-bache-pour-chaise-de-plage product_tag-fauteuil-cabine-de-plage product_tag-protection product_tag-meteo has-post-thumbnail taxable shipping-taxable purchasable product-type-simple product-grid-view\">\n\t<div class=\"fusion-product-wrapper\">\n\n<div class=\"fusion-clean-product-image-wrapper \">\n\t<div  class=\"fusion-image-wrapper fusion-image-size-fixed\" aria-haspopup=\"true\">\n\t\t\t\t<img decoding=\"async\" width=\"500\" height=\"500\" src=\"https:\/\/www.korbwerk.de\/wp-content\/uploads\/2022\/04\/Haube-Beige-500x500.jpg\" class=\"attachment-woocommerce_thumbnail size-woocommerce_thumbnail wp-post-image\" alt=\"\" srcset=\"https:\/\/www.korbwerk.de\/wp-content\/uploads\/2022\/04\/Haube-Beige-66x66.jpg 66w, https:\/\/www.korbwerk.de\/wp-content\/uploads\/2022\/04\/Haube-Beige-100x100.jpg 100w, https:\/\/www.korbwerk.de\/wp-content\/uploads\/2022\/04\/Haube-Beige-150x150.jpg 150w, https:\/\/www.korbwerk.de\/wp-content\/uploads\/2022\/04\/Haube-Beige-200x200.jpg 200w, https:\/\/www.korbwerk.de\/wp-content\/uploads\/2022\/04\/Haube-Beige-300x300.jpg 300w, https:\/\/www.korbwerk.de\/wp-content\/uploads\/2022\/04\/Haube-Beige-400x400.jpg 400w, https:\/\/www.korbwerk.de\/wp-content\/uploads\/2022\/04\/Haube-Beige-500x500.jpg 500w, https:\/\/www.korbwerk.de\/wp-content\/uploads\/2022\/04\/Haube-Beige-600x600.jpg 600w, https:\/\/www.korbwerk.de\/wp-content\/uploads\/2022\/04\/Haube-Beige-700x700.jpg 700w, https:\/\/www.korbwerk.de\/wp-content\/uploads\/2022\/04\/Haube-Beige-768x768.jpg 768w, https:\/\/www.korbwerk.de\/wp-content\/uploads\/2022\/04\/Haube-Beige-800x800.jpg 800w, https:\/\/www.korbwerk.de\/wp-content\/uploads\/2022\/04\/Haube-Beige-1024x1024.jpg 1024w, https:\/\/www.korbwerk.de\/wp-content\/uploads\/2022\/04\/Haube-Beige-1200x1200.jpg 1200w, https:\/\/www.korbwerk.de\/wp-content\/uploads\/2022\/04\/Haube-Beige.jpg 1280w\" sizes=\"(max-width: 500px) 100vw, 500px\" \/><div class=\"fusion-rollover\">\n\t<div class=\"fusion-rollover-content\">\n\n\t\t\t\t\n\t\t\n\t\t\t\t\t\t\t\t\n\t\t\t\t\t\t\t\t\n\t\t\n\t\t\t\t\t\t\t\t\t\t\t\t\t\t\t\n\t\t\t\t\t\t\n\t\t\t\t\t\t\t\t\t\t<div class=\"fusion-product-buttons\">\n\t\t\t\t\t<a href=\"\/fr\/wp-json\/wp\/v2\/product\/6179?add-to-cart=6158\" aria-describedby=\"woocommerce_loop_add_to_cart_link_describedby_6158\" data-quantity=\"1\" class=\"button product_type_simple add_to_cart_button ajax_add_to_cart\" data-product_id=\"6158\" data-product_sku=\"PL-002-L-beige\" aria-label=\"Ajouter au panier\u00a0: &ldquo;B\u00e2che pour panier, taille L, beige&rdquo;\" rel=\"nofollow\">Ajouter au panier<\/a>\t<span id=\"woocommerce_loop_add_to_cart_link_describedby_6158\" class=\"screen-reader-text\">\n\t\t\t<\/span>\n<span class=\"fusion-rollover-linebreak\">\n\t\/<\/span>\n\n<a href=\"https:\/\/www.korbwerk.de\/fr\/shop-landing\/bache-pour-panier-a-pied-taille-l-en-beige\/\" class=\"show_details_button\">\n\tDetails<\/a>\n\n\t\t\t\t<\/div>\n\t\t\t\t\t\t\t\t\t<a class=\"fusion-link-wrapper\" href=\"https:\/\/www.korbwerk.de\/fr\/shop-landing\/bache-pour-panier-a-pied-taille-l-en-beige\/\" aria-label=\"B\u00e2che pour panier, taille L, beige\"><\/a>\n\t<\/div>\n<\/div>\n<\/div>\n<\/div>\n<div class=\"fusion-product-content\">\n\t<div class=\"product-details\">\n\t\t<div class=\"product-details-container\">\n<h3 class=\"product-title\">\n\t<a href=\"https:\/\/www.korbwerk.de\/fr\/shop-landing\/bache-pour-panier-a-pied-taille-l-en-beige\/\">\n\t\tB\u00e2che pour panier, taille L, beige\t<\/a>\n<\/h3>\n<div class=\"fusion-price-rating\">\n\n\t<span class=\"price\"><span class=\"woocommerce-Price-amount amount\"><bdi>211,00&nbsp;<span class=\"woocommerce-Price-currencySymbol\">&euro;<\/span><\/bdi><\/span><\/span>\n\n\n\t<p class=\"price price-unit smaller wc-gzd-additional-info wc-gzd-additional-info-loop\"><span class=\"woocommerce-Price-amount amount\">211,00&nbsp;<span class=\"woocommerce-Price-currencySymbol\">&euro;<\/span><\/span> \/  <span class=\"unit\">pc<\/span><\/p>\n\n\t\t<\/div>\n\t<\/div>\n<\/div>\n\n\t<\/div> \n\t<p class=\"wc-gzd-additional-info wc-gzd-additional-info-loop tax-info\">incl. 19% TVA<\/p>\n\n\n\t<p class=\"wc-gzd-additional-info delivery-time-info wc-gzd-additional-info-loop\"><span class=\"delivery-time-inner delivery-time-2-3-semaines\">Lieferzeit: <span class=\"delivery-time-data\">2-3 semaines<\/span><\/span><\/p>\n\n\t<p class=\"wc-gzd-additional-info wc-gzd-additional-info-loop product-units-wrapper product-units\">Produkt enth\u00e4lt: 1 <span class=\"unit\">pc<\/span><\/p>\n\n\n\n<\/div>\n<\/li>\n<li class=\"product type-product post-6156 status-publish last instock product_cat-bache-pour-panier-sur-pied-l product_tag-bache-pour-chaise-de-plage product_tag-fauteuil-cabine-de-plage product_tag-protection product_tag-meteo has-post-thumbnail taxable shipping-taxable purchasable product-type-simple product-grid-view\">\n\t<div class=\"fusion-product-wrapper\">\n\n<div class=\"fusion-clean-product-image-wrapper \">\n\t<div  class=\"fusion-image-wrapper fusion-image-size-fixed\" aria-haspopup=\"true\">\n\t\t\t\t<img decoding=\"async\" width=\"500\" height=\"500\" src=\"https:\/\/www.korbwerk.de\/wp-content\/uploads\/2022\/04\/Haube-Grau-500x500.jpg\" class=\"attachment-woocommerce_thumbnail size-woocommerce_thumbnail wp-post-image\" alt=\"\" srcset=\"https:\/\/www.korbwerk.de\/wp-content\/uploads\/2022\/04\/Haube-Grau-66x66.jpg 66w, https:\/\/www.korbwerk.de\/wp-content\/uploads\/2022\/04\/Haube-Grau-100x100.jpg 100w, https:\/\/www.korbwerk.de\/wp-content\/uploads\/2022\/04\/Haube-Grau-150x150.jpg 150w, https:\/\/www.korbwerk.de\/wp-content\/uploads\/2022\/04\/Haube-Grau-200x200.jpg 200w, https:\/\/www.korbwerk.de\/wp-content\/uploads\/2022\/04\/Haube-Grau-300x300.jpg 300w, https:\/\/www.korbwerk.de\/wp-content\/uploads\/2022\/04\/Haube-Grau-400x400.jpg 400w, https:\/\/www.korbwerk.de\/wp-content\/uploads\/2022\/04\/Haube-Grau-500x500.jpg 500w, https:\/\/www.korbwerk.de\/wp-content\/uploads\/2022\/04\/Haube-Grau-600x600.jpg 600w, https:\/\/www.korbwerk.de\/wp-content\/uploads\/2022\/04\/Haube-Grau-700x700.jpg 700w, https:\/\/www.korbwerk.de\/wp-content\/uploads\/2022\/04\/Haube-Grau-768x768.jpg 768w, https:\/\/www.korbwerk.de\/wp-content\/uploads\/2022\/04\/Haube-Grau-800x800.jpg 800w, https:\/\/www.korbwerk.de\/wp-content\/uploads\/2022\/04\/Haube-Grau-1024x1024.jpg 1024w, https:\/\/www.korbwerk.de\/wp-content\/uploads\/2022\/04\/Haube-Grau-1200x1200.jpg 1200w, https:\/\/www.korbwerk.de\/wp-content\/uploads\/2022\/04\/Haube-Grau.jpg 1280w\" sizes=\"(max-width: 500px) 100vw, 500px\" \/><div class=\"fusion-rollover\">\n\t<div class=\"fusion-rollover-content\">\n\n\t\t\t\t\n\t\t\n\t\t\t\t\t\t\t\t\n\t\t\t\t\t\t\t\t\n\t\t\n\t\t\t\t\t\t\t\t\t\t\t\t\t\t\t\n\t\t\t\t\t\t\n\t\t\t\t\t\t\t\t\t\t<div class=\"fusion-product-buttons\">\n\t\t\t\t\t<a href=\"\/fr\/wp-json\/wp\/v2\/product\/6179?add-to-cart=6156\" aria-describedby=\"woocommerce_loop_add_to_cart_link_describedby_6156\" data-quantity=\"1\" class=\"button product_type_simple add_to_cart_button ajax_add_to_cart\" data-product_id=\"6156\" data-product_sku=\"PL-002-L-grey\" aria-label=\"Ajouter au panier\u00a0: &ldquo;B\u00e2che pour panier, taille L, grise&rdquo;\" rel=\"nofollow\">Ajouter au panier<\/a>\t<span id=\"woocommerce_loop_add_to_cart_link_describedby_6156\" class=\"screen-reader-text\">\n\t\t\t<\/span>\n<span class=\"fusion-rollover-linebreak\">\n\t\/<\/span>\n\n<a href=\"https:\/\/www.korbwerk.de\/fr\/shop-landing\/bache-pour-panier-a-pied-taille-l-en-gris\/\" class=\"show_details_button\">\n\tDetails<\/a>\n\n\t\t\t\t<\/div>\n\t\t\t\t\t\t\t\t\t<a class=\"fusion-link-wrapper\" href=\"https:\/\/www.korbwerk.de\/fr\/shop-landing\/bache-pour-panier-a-pied-taille-l-en-gris\/\" aria-label=\"B\u00e2che pour panier, taille L, grise\"><\/a>\n\t<\/div>\n<\/div>\n<\/div>\n<\/div>\n<div class=\"fusion-product-content\">\n\t<div class=\"product-details\">\n\t\t<div class=\"product-details-container\">\n<h3 class=\"product-title\">\n\t<a href=\"https:\/\/www.korbwerk.de\/fr\/shop-landing\/bache-pour-panier-a-pied-taille-l-en-gris\/\">\n\t\tB\u00e2che pour panier, taille L, grise\t<\/a>\n<\/h3>\n<div class=\"fusion-price-rating\">\n\n\t<span class=\"price\"><span class=\"woocommerce-Price-amount amount\"><bdi>211,00&nbsp;<span class=\"woocommerce-Price-currencySymbol\">&euro;<\/span><\/bdi><\/span><\/span>\n\n\n\t<p class=\"price price-unit smaller wc-gzd-additional-info wc-gzd-additional-info-loop\"><span class=\"woocommerce-Price-amount amount\">211,00&nbsp;<span class=\"woocommerce-Price-currencySymbol\">&euro;<\/span><\/span> \/  <span class=\"unit\">pc<\/span><\/p>\n\n\t\t<\/div>\n\t<\/div>\n<\/div>\n\n\t<\/div> \n\t<p class=\"wc-gzd-additional-info wc-gzd-additional-info-loop tax-info\">incl. 19% TVA<\/p>\n\n\n\t<p class=\"wc-gzd-additional-info delivery-time-info wc-gzd-additional-info-loop\"><span class=\"delivery-time-inner delivery-time-2-3-semaines\">Lieferzeit: <span class=\"delivery-time-data\">2-3 semaines<\/span><\/span><\/p>\n\n\t<p class=\"wc-gzd-additional-info wc-gzd-additional-info-loop product-units-wrapper product-units\">Produkt enth\u00e4lt: 1 <span class=\"unit\">pc<\/span><\/p>\n\n\n\n<\/div>\n<\/li>\n<\/ul><\/div><\/div><\/div><\/div><\/div>","protected":false},"excerpt":{"rendered":"<h1>Usedom Deux places Hipsit<\/h1>\n<ul>\n<li>Dimensions L\/H\/P en cm 125 x 89 x 160<\/li>\n<li>2 places<\/li>\n<li>Tressage : PE candi<\/li>\n<li>Bois : bois de pin lasur\u00e9 \u00e9b\u00e8ne<\/li>\n<li>Tissu : toile, adapt\u00e9 \u00e0 l&rsquo;ext\u00e9rieur, avec coussins \u00e9pais pour les pieds<\/li>\n<li>2 tables pliantes<\/li>\n<li>R\u00e9glage de la hauteur des repose-pieds<\/li>\n<li>Rouleaux \u00e0 double terrasse<\/li>\n<li>Housse de protection<\/li>\n<\/ul>\n<p>&nbsp;<\/p>\n","protected":false},"featured_media":0,"template":"","meta":[],"product_brand":[],"product_cat":[15],"product_tag":[],"class_list":{"0":"post-6179","1":"product","2":"type-product","3":"status-publish","5":"product_cat-unkategorisiert","7":"first","8":"outofstock","9":"taxable","10":"shipping-taxable","11":"purchasable","12":"product-type-simple"},"_links":{"self":[{"href":"https:\/\/www.korbwerk.de\/fr\/wp-json\/wp\/v2\/product\/6179","targetHints":{"allow":["GET"]}}],"collection":[{"href":"https:\/\/www.korbwerk.de\/fr\/wp-json\/wp\/v2\/product"}],"about":[{"href":"https:\/\/www.korbwerk.de\/fr\/wp-json\/wp\/v2\/types\/product"}],"wp:attachment":[{"href":"https:\/\/www.korbwerk.de\/fr\/wp-json\/wp\/v2\/media?parent=6179"}],"wp:term":[{"taxonomy":"product_brand","embeddable":true,"href":"https:\/\/www.korbwerk.de\/fr\/wp-json\/wp\/v2\/product_brand?post=6179"},{"taxonomy":"product_cat","embeddable":true,"href":"https:\/\/www.korbwerk.de\/fr\/wp-json\/wp\/v2\/product_cat?post=6179"},{"taxonomy":"product_tag","embeddable":true,"href":"https:\/\/www.korbwerk.de\/fr\/wp-json\/wp\/v2\/product_tag?post=6179"}],"curies":[{"name":"wp","href":"https:\/\/api.w.org\/{rel}","templated":true}]}}